{"id":16690,"date":"2022-01-27T14:39:19","date_gmt":"2022-01-27T14:39:19","guid":{"rendered":"https:\/\/www.body-language-trainer.com\/?page_id=16690"},"modified":"2026-01-26T19:58:47","modified_gmt":"2026-01-26T18:58:47","slug":"agb","status":"publish","type":"page","link":"https:\/\/www.body-language-trainer.com\/es\/agb\/","title":{"rendered":"T\u00e9rminos y condiciones"},"content":{"rendered":"<div data-elementor-type=\"wp-page\" data-elementor-id=\"16690\" class=\"elementor elementor-16690\">\n\t\t\t\t\t\t<section class=\"elementor-section elementor-top-section elementor-element elementor-element-55d86a0f elementor-section-boxed elementor-section-height-default elementor-section-height-default\" data-id=\"55d86a0f\" data-element_type=\"section\" data-e-type=\"section\" data-settings=\"{&quot;jet_parallax_layout_list&quot;:[]}\">\n\t\t\t\t\t\t<div class=\"elementor-container elementor-column-gap-default\">\n\t\t\t\t\t<div class=\"elementor-column elementor-col-100 elementor-top-column elementor-element elementor-element-6178fbc7\" data-id=\"6178fbc7\" data-element_type=\"column\" data-e-type=\"column\">\n\t\t\t<div class=\"elementor-widget-wrap elementor-element-populated\">\n\t\t\t\t\t\t<div class=\"elementor-element elementor-element-56349658 elementor-widget elementor-widget-text-editor\" data-id=\"56349658\" data-element_type=\"widget\" data-e-type=\"widget\" data-widget_type=\"text-editor.default\">\n\t\t\t\t<div class=\"elementor-widget-container\">\n\t\t\t\t\t\t\t\t\t\n<h3 class=\"wp-block-heading\">Allgemeine Gesch\u00e4ftsbedingungen &#8211;\u00a0Dubach Kommunikation<\/h3>\n\n<p><strong>\u00a71 Leistungen von Dubach Kommunikation<\/strong><br \/>Das Unternehmen Dubach Kommunikation\u00a0f\u00fchrt Seminare, Coaching und Beratung f\u00fcr Unternehmen und Einzelpersonen durch. Die Thematik des Seminars sind dem Teilnehmer \/ Auftraggeber aus der Webseite, dem jeweiligen Prospekt oder anderen, von Dubach Kommunikation\u00a0bereitgestellten Informationen bekannt.<\/p>\n\n<p><strong>\u00a72 Anmeldung<\/strong><br \/>Die Anmeldung erfolgt \u00fcber ein Internet-Anmeldeformular, schriftlich oder fernm\u00fcndlich. Mit dem Absenden des Formulars\/der E-Mail gibt der Absender sein Einverst\u00e4ndnis zur Speicherung seiner angegebenen Daten, ihre Verwendung erfolgt ausschlie\u00dflich im notwendigen Rahmen. Eine Datenweitergabe an Dritte zu Werbezwecken wird nur mit ausdr\u00fccklicher Genehmigung durchgef\u00fchrt. Mit der Absendung erkl\u00e4rt sich der Absender bis auf Widerruf bereit, E-Mails durch Dubach Kommunikation\u00a0zu erhalten. Die Anmeldung zur Teilnahme am Seminar ist f\u00fcr den Teilnehmer verbindlich.<\/p>\n\n<p><strong>\u00a73 Teilnahmevoraussetzungen<\/strong><\/p>\n\n<p>F\u00fcr die Teilnahme an unseren Seminaren sind keine speziellen Voraussetzungen notwendig.<\/p>\n\n<p><strong>\u00a74 Ablehnung und Ausschluss von Teilnehmern<\/strong><br \/>Dubach Kommunikation\u00a0ist berechtigt, ohne weitere Angabe von Gr\u00fcnden Teilnehmer vor dem Seminar abzulehnen. In diesem Fall werden bereits gezahlte Seminargeb\u00fchren zu 100% zur\u00fcck erstattet. Teilnehmer, die wiederholt den Ablauf des Seminars oder der Veranstaltung st\u00f6ren, das Seminar zur Anwerbung von Personen missbrauchen oder Fremdprodukte verkaufen, k\u00f6nnen vom Seminarleiter vom Seminar ausgeschlossen werden. Die Seminargeb\u00fchr ist in diesem Fall zu 100% zu entrichten.<\/p>\n\n<p><strong>\u00a75 R\u00fccktritt, Umbuchung und Ersatzteilnehmer<\/strong><br \/>a) R\u00fccktritt<br \/>Ein R\u00fccktritt von der Anmeldung zu einem Seminar ist bis 14 Tage nach der Anmeldung kostenfrei m\u00f6glich. Hierf\u00fcr gilt das Datum des Eingangs des Internetformulars per E-Mail. Bis 4 Wochen vor Seminarbeginn betr\u00e4gt die Stornogeb\u00fchr 50% des Seminarpreises.<br \/>Erfolgt keine ordnungsgem\u00e4\u00dfe Stornierung innerhalb dieser Fristen, so ist die gesamte Seminargeb\u00fchr f\u00e4llig.<br \/>Das R\u00fccktrittsrecht entf\u00e4llt bei kurzfristigen Anmeldungen, weniger als 14 Tage vor Seminarbeginn. Umbuchungen sind bei kurzfristigen Buchungen nicht m\u00f6glich.<br \/>Seminarbuchungen von Unternehmen ersehen die Stornogeb\u00fchren in der zugelieferten Offerte<\/p>\n\n<p>b) Umbuchungen<br \/>Umbuchungen k\u00f6nnen bis 4 Wochen vor Seminarbeginn vorgenommen werden. Diese werden pauschal mit 100,- CHF berechnet. Umbuchungen k\u00f6nnen nur einmalig vorgenommen werden, das 14-t\u00e4gige R\u00fccktrittsrecht nach Umbuchung ist hierbei ausgeschlossen. Folgende Umbuchungen sind m\u00f6glich:<\/p>\n\n<p>Eine Umbuchung auf ein Seminar des gleichen Inhalts zu einem sp\u00e4teren Zeitpunkt.<br \/>Eine Umbuchung auf ein Seminar mit geringerem Preis, die Preisdifferenz ist nicht erstattungsf\u00e4hig.<br \/>Eine Umbuchung auf ein Seminar mit h\u00f6herem Preis, die Preisdifferenz muss dabei entrichtet werden (auch bei gleichem Thema).<\/p>\n\n<p>Sonderveranstaltungen oder Einzelseminare k\u00f6nnen nicht umgebucht werden. Bei den Umbuchungen sind die Voraussetzungen zur Zulassung der entsprechenden Seminare zu erf\u00fcllen.<\/p>\n\n<p>c) Ersatzteilnehmer<br \/>Es k\u00f6nnen kostenfrei Ersatzteilnehmer benannt werden, sofern diese die Voraussetzungen zur Teilnahme sowie zur Zulassung der entsprechenden Seminare erf\u00fcllen. Ersatzteilnehmer m\u00fcssen umgehend schriftlich mit allen Anmeldedaten an Dubach Kommunikation gemeldet werden.<\/p>\n\n<p><strong>\u00a76 Absage durch den Veranstalter \/ Ausfall des Trainers<\/strong><br \/>Aus gewichtigen Gr\u00fcnden (zu geringe Teilnehmeranzahl, Ausfall des Trainers durch Unfall oder Krankheit, o.\u00e4.) kann das Seminar vom Veranstalter abgesagt werden. Die Absage erfolgt, sofern noch m\u00f6glich, schriftlich, ansonsten per E-Mail oder telefonisch. Bereits erfolgte Zahlungen werden durch Dubach Kommunikation unverz\u00fcglich zur\u00fcckgezahlt. Weitere Schadensersatzanspr\u00fcche des Teilnehmers k\u00f6nnen nicht geltend gemacht werden. Im Falle einer Erkrankung des Trainers oder anderer nicht vorhersehbarer Ereignisse, die den Einsatz des angegebenen Trainers unm\u00f6glich machen, ist Dubach Kommunikation erm\u00e4chtigt, einen anderen, qualifizierten Trainer f\u00fcr das betroffene Seminar einzusetzen.<\/p>\n\n<p><strong>\u00a77 Seminarunterlagen &amp; Copyright, Markenschutz<\/strong><br \/>Alle Unterlagen, Videos, Audio-CDs, Inhalte der Webseite usw. die durch Dubach Kommunikation\u00a0zur Verf\u00fcgung gestellt werden, beinhalten das Copyright von Dubach Kommunikation. Die Unterlagen, Videos, Audio-CDs, Inhalte der Webseite, usw. d\u00fcrfen ohne ausdr\u00fcckliche und schriftliche Genehmigung weder ganz noch in Teilen in irgendeiner Form weitergegeben, ver\u00f6ffentlicht, vervielf\u00e4ltigt oder f\u00fcr eigene Seminare oder andere Veranstaltungen verwendet werden.<\/p>\n\n<p><strong>\u00a78 Buchung \/ Reservierung von Hotelzimmern<\/strong><br \/>Die Reservierung und Buchung von Hotelzimmern liegt in der pers\u00f6nlichen Zust\u00e4ndigkeit des Teilnehmers. Ersatzanspr\u00fcche bei unverschuldetem Ausfall oder Absage des Seminars k\u00f6nnen nicht geltend gemacht werden.<\/p>\n\n<p><strong>\u00a710 Zahlung<\/strong><br \/>Die Zahlung ist 14 Tage nach Rechnungsdatum ohne Abzug per \u00dcberweisung auf das Konto von Dubach Kommunikation\u00a0f\u00e4llig. Betr\u00e4gt die Zeit zwischen Anmeldung und Seminarbeginn weniger als 14 Tage, so ist der vollst\u00e4ndige Betrag sofort f\u00e4llig. Entscheidend ist der Geldeingang auf unserem Konto. Bei kurzfristigen Anmeldungen kann Dubach Kommunikation\u00a0die Zahlung in Bar am Veranstaltungstag fordern. Der Teilnehmer erh\u00e4lt eine Rechnung oder bei Barzahlung eine Zahlungsquittung. Das Recht auf Teilnahme am Seminar besteht nur bei vollst\u00e4ndiger Bezahlung des Rechnungsbetrages. F\u00fcr Seminare bei Unternehmen gelten zus\u00e4tzliche Zahlungsvereinbarungen, welche auf der Offerte ersichtlich sind.<\/p>\n\n<p><strong>\u00a711 Audio- und Video-Aufnahmen<\/strong><br \/>Video- und Audioaufnahmen des Seminars d\u00fcrfen seitens der Teilnehmer ausschlie\u00dflich nach vorheriger Genehmigung durch Dubach Kommunikation angefertigt werden. Private Fotos d\u00fcrfen angefertigt werden, sofern dies den Ablauf des Seminars nicht st\u00f6rt. Eine Ver\u00f6ffentlichung jeglicher Aufnahmen auf elektronischem Weg, in Printmedien und\/oder allen anderen Medien bedarf ebenfalls der schriftlichen Genehmigung von Dubach Kommunikation. Dabei sind die gesetzlich vorgeschriebenen Rechte am eigenen Bild zu beachten. In Seminaren werden zum Teil Foto-, Video- und Audioaufzeichnungen durch die Mitarbeiter von Dubach Kommunikation oder durch eine von diesen dazu berechtigte Person gemacht. Mit der Seminarteilnahme erteilt der Teilnehmer die Genehmigung zur privaten und gewerblichen Verwertung dieser Aufzeichnungen. Ein Anspruch auf Provision oder andere Zahlungen wird grunds\u00e4tzlich ausgeschlossen, sofern dies nicht im Voraus schriftlich anders vereinbart wurde. Der Seminarteilnehmer hat das Recht, dieser Genehmigung im Voraus zu widersprechen. Muss dann aber in diesem Falle mit einem Ausschluss vom Seminar rechnen. Ein nachtr\u00e4glicher Widerspruch ist nicht m\u00f6glich. Im Zweifelsfall bitte im Vorfeld Kontakt mit dem Veranstalter aufnehmen, ob und in welchem Umfang Aufnahmen geplant sind.<\/p>\n\n<p><strong>\u00a712 Haftungsausschluss, Schadensersatz, Forderungen<\/strong><br \/>Dubach Kommunikation ist\u00a0f\u00fcr die inhaltliche\u00a0Durchf\u00fchrung ihrer Seminare, die\u00a0Werbung, \u00f6ffentliche Auftritte, ihre get\u00e4tigten Aussagen und Handlungen, sowie f\u00fcr den ordnungsgem\u00e4\u00dfen gesch\u00e4ftlichen Ablauf verantwortlich. Begr\u00fcndete Forderungen sind an Etienne Dubach zu richten.<\/p>\n\n<p><strong>\u00a714 Sonstiges<\/strong><br \/>Zus\u00e4tzliche Vereinbarungen bed\u00fcrfen der Schriftform. Sollten einzelne Vereinbarungen oder die AGB insgesamt unwirksam sein oder werden, so treten an Stelle der unwirksamen Vereinbarungen rechtsg\u00fcltige Vereinbarungen ein, die der\/den unwirksamen am n\u00e4chsten kommen. Im Zweifelsfall gilt immer die derzeit g\u00fcltige Fassung des BGB. Erf\u00fcllungsort und Gerichtsstand f\u00fcr Dubach Kommunikation ist W\u00fcrenlos.<\/p>\n\t\t\t\t\t\t\t\t<\/div>\n\t\t\t\t<\/div>\n\t\t\t\t\t<\/div>\n\t\t<\/div>\n\t\t\t\t\t<\/div>\n\t\t<\/section>\n\t\t\t\t<\/div>","protected":false},"excerpt":{"rendered":"<p>Allgemeine Gesch\u00e4ftsbedingungen &#8211;&nbsp;Dubach Kommunikation \u00a71 Leistungen von Dubach KommunikationDas Unternehmen Dubach Kommunikation&nbsp;f\u00fchrt Seminare, Coaching und Beratung f\u00fcr Unternehmen und Einzelpersonen durch. Die Thematik des Seminars sind dem Teilnehmer \/ Auftraggeber aus der Webseite, dem jeweiligen Prospekt oder anderen, von Dubach Kommunikation&nbsp;bereitgestellten Informationen bekannt. \u00a72 AnmeldungDie Anmeldung erfolgt \u00fcber ein Internet-Anmeldeformular, schriftlich oder fernm\u00fcndlich. Mit dem [&hellip;]<\/p>","protected":false},"author":8,"featured_media":0,"parent":0,"menu_order":0,"comment_status":"closed","ping_status":"closed","template":"","meta":{"_acf_changed":false,"footnotes":""},"categories":[],"tags":[],"class_list":["post-16690","page","type-page","status-publish","hentry"],"acf":[],"aioseo_notices":[],"_links":{"self":[{"href":"https:\/\/www.body-language-trainer.com\/es\/wp-json\/wp\/v2\/pages\/16690","targetHints":{"allow":["GET"]}}],"collection":[{"href":"https:\/\/www.body-language-trainer.com\/es\/wp-json\/wp\/v2\/pages"}],"about":[{"href":"https:\/\/www.body-language-trainer.com\/es\/wp-json\/wp\/v2\/types\/page"}],"author":[{"embeddable":true,"href":"https:\/\/www.body-language-trainer.com\/es\/wp-json\/wp\/v2\/users\/8"}],"replies":[{"embeddable":true,"href":"https:\/\/www.body-language-trainer.com\/es\/wp-json\/wp\/v2\/comments?post=16690"}],"version-history":[{"count":1,"href":"https:\/\/www.body-language-trainer.com\/es\/wp-json\/wp\/v2\/pages\/16690\/revisions"}],"predecessor-version":[{"id":21373,"href":"https:\/\/www.body-language-trainer.com\/es\/wp-json\/wp\/v2\/pages\/16690\/revisions\/21373"}],"wp:attachment":[{"href":"https:\/\/www.body-language-trainer.com\/es\/wp-json\/wp\/v2\/media?parent=16690"}],"wp:term":[{"taxonomy":"category","embeddable":true,"href":"https:\/\/www.body-language-trainer.com\/es\/wp-json\/wp\/v2\/categories?post=16690"},{"taxonomy":"post_tag","embeddable":true,"href":"https:\/\/www.body-language-trainer.com\/es\/wp-json\/wp\/v2\/tags?post=16690"}],"curies":[{"name":"wp","href":"https:\/\/api.w.org\/{rel}","templated":true}]}}